{"id":2,"date":"2025-11-18T09:50:29","date_gmt":"2025-11-18T09:50:29","guid":{"rendered":"http:\/\/phytaxis.tanovis.linawang.se\/?page_id=2"},"modified":"2026-03-04T13:55:08","modified_gmt":"2026-03-04T13:55:08","slug":"ornek-sayfa","status":"publish","type":"page","link":"https:\/\/phytaxis.com\/tr\/","title":{"rendered":"Phytaxis"},"content":{"rendered":"<section class=\"tanovis_hero  bg-dark\" >\n  <div class=\"hero__media\">\n          <video class=\"hero__video\" src=\"https:\/\/phytaxis.com\/wp-content\/uploads\/sites\/3\/2025\/12\/HERO-loop-cow.mp4\" autoplay muted loop playsinline><\/video>\n              <img decoding=\"async\" class=\"hero__bg\" src=\"https:\/\/phytaxis.com\/wp-content\/uploads\/sites\/3\/2025\/12\/Phytaxis-color-16-9.jpg\" alt=\"\" \/>\n    \n    <div class=\"hero__symbol-container\">\n          <\/div>\n  <\/div>\n\n  <div class=\"hero__content container\">\n          <h3 class=\"hero__eyebrow body-sm\">Yeni nesil y\u00fcksek performansl\u0131 yem katk\u0131 maddeleriyle tan\u0131\u015f\u0131n <\/h3>\n    \n          <h1 class=\"hero__title title-lg\">Hayvanlar\u0131n\u0131z, gezegeniniz ve k\u00e2rl\u0131l\u0131\u011f\u0131n\u0131z i\u00e7in iyi haber.<\/h1>\n    \n          <ul class=\"hero__posts\">\n                  <li class=\"hero__post\">\n            <span class=\"bg-decorator\"><\/span>\n            <a href=\"https:\/\/phytaxis.com\/tr\/2026\/02\/27\/mavi%cc%87-gida-i%cc%87novasyonu\/\" class=\"hero__post-link\">\n              <p class=\"hero__eyebrow eyebrow\">\n                                  <span class=\"hero__post-date\">27 \u015eubat 2026<\/span>\n                              <\/p>\n              <p class=\"hero__post-title body-md\">Blue Food Innovation'da bizimle tan\u0131\u015f\u0131n<\/p>\n            <\/a>\n          <\/li>\n                  <li class=\"hero__post\">\n            <span class=\"bg-decorator\"><\/span>\n            <a href=\"https:\/\/phytaxis.com\/tr\/2025\/02\/02\/balik-yetistiriciligine-daha-genis-bir-bakis-acisi-getirmek\/\" class=\"hero__post-link\">\n              <p class=\"hero__eyebrow eyebrow\">\n                                  <span class=\"hero__post-date\">2 \u015eubat 2025<\/span>\n                              <\/p>\n              <p class=\"hero__post-title body-md\">Bal\u0131k yeti\u015ftiricili\u011fine daha geni\u015f bir bak\u0131\u015f a\u00e7\u0131s\u0131 getirmek<\/p>\n            <\/a>\n          <\/li>\n              <\/ul>\n    \n  <\/div>\n<\/section>\n\n\n<section class=\"quote   bg-accent\" >\n  \n  <div class=\"container\">\n        <h3 class=\"quote__text animate-lines preamble\">\n      Hayvan sa\u011fl\u0131\u011f\u0131 i\u00e7in ligninin biyoaktif g\u00fcc\u00fcn\u00fc ortaya \u00e7\u0131kar\u0131yoruz. Ve end\u00fcstriyi, \u00fcr\u00fcnlerin nas\u0131l yap\u0131ld\u0131\u011f\u0131n\u0131, nas\u0131l performans g\u00f6sterdiklerini ve ne de\u011fer katt\u0131klar\u0131n\u0131 yeniden d\u00fc\u015f\u00fcnmeye zorluyoruz.    <\/h3>\n          <\/div>\n\n<\/section>\n\n\n<section class=\"gallery  bg-light\" >\n  <div class=\"gallery__images layout-three\">\n          <div class=\"grid-item\">\n        <div class=\"image-1 cutout cutout-image aspect-ratio-16-9 cutout-top-right\" data-speed=\"1.1\">\n          <img decoding=\"async\" src=\"https:\/\/phytaxis.com\/wp-content\/uploads\/sites\/3\/2025\/12\/cow-4-3.jpg\" alt=\"\" data-speed=\"1.1\">\n        <\/div>\n        <h3 class=\"gallery__text title-md\" data-speed=\"1.1\">\n          Stresli \u00fcretim. Artan \u00f6l\u00fcm oran\u0131. \u00c7evre \u00fczerinde olumsuz etki. K\u00fcresel olarak ete olan talebin artmas\u0131, her vicdan\u0131n hazmetmekte zorlanaca\u011f\u0131 sonu\u00e7lar do\u011furmaktad\u0131r.\u00a0        <\/h3>\n        <div class=\"image-2 cutout cutout-image aspect-ratio-16-9 cutout-top-right\" data-speed=\"1.3\">\n          <img decoding=\"async\" src=\"https:\/\/phytaxis.com\/wp-content\/uploads\/sites\/3\/2025\/12\/pig2-1-1.jpg\" alt=\"\" data-speed=\"0.9\">\n        <\/div>\n      <\/div>\n\n      <div class=\"grid-item\" data-speed=\"0.9\">\n        <div class=\"image-3 cutout cutout-image aspect-ratio-16-9 cutout-top-right\">\n          <img decoding=\"async\" src=\"https:\/\/phytaxis.com\/wp-content\/uploads\/sites\/3\/2025\/12\/horse-1-1.jpg\" alt=\"\" data-speed=\"0.9\">\n        <\/div>\n        <div class=\"image-4 cutout cutout-image aspect-ratio-3-4 cutout-top-right\">\n          <img decoding=\"async\" src=\"https:\/\/phytaxis.com\/wp-content\/uploads\/sites\/3\/2025\/12\/hen-1-1.jpg\" alt=\"\" data-speed=\"1.1\">\n        <\/div>\n      <\/div>\n\n\n      <\/div>\n\n  <\/section>\n\n\n<section class=\"text container wysiwyg\" >\n  \n<\/section>\n\n\n<section class=\"text-columns container  bg-light\" >\n  <div class=\"text-columns__inner\">\n    <div class=\"text-columns__col-title\">\n      <h2 class=\"title-md\">Hayvan sa\u011fl\u0131\u011f\u0131n\u0131 yeniden d\u00fc\u015f\u00fcnmek<\/h2>\n    <\/div>\n    <div><\/div>\n    <div class=\"text-columns__col-1 fade-up-delay-200\">\n      <p class=\"p1\">K\u00fcresel ya\u015fam standartlar\u0131 y\u00fckseldi\u011finde ve artan et \u00fcretimi, sistemlerin zorlanmas\u0131 ve \u00e7evreye zarar verme pahas\u0131na ger\u00e7ekle\u015fti\u011finde, hem verimli hem de s\u00fcrd\u00fcr\u00fclebilir \u00e7\u00f6z\u00fcmler bulmak i\u00e7in daha da ileri gitmeliyiz. Lignini, bal\u0131k, s\u00fct s\u0131\u011f\u0131r\u0131, besi s\u0131\u011f\u0131r\u0131, domuz ve k\u00fcmes hayvanlar\u0131 i\u00e7in 100% do\u011fal, y\u00fcksek performansl\u0131 yem katk\u0131 maddelerine d\u00f6n\u00fc\u015ft\u00fcr\u00fcyoruz.<\/p>\n    <\/div>\n    <div class=\"text-columns__col-2 fade-up-delay-600\">\n      <p>Ve \u00fcr\u00fcnlerimiz sadece her bir hayvan\u0131n ba\u011f\u0131rsak sa\u011fl\u0131\u011f\u0131n\u0131 iyile\u015ftirmekle kalm\u0131yor. T\u00fcrler aras\u0131nda refah\u0131 art\u0131r\u0131yor, antibiyotik ihtiyac\u0131n\u0131 azalt\u0131yor, \u00f6l\u00fcm oran\u0131n\u0131 d\u00fc\u015f\u00fcr\u00fcyor, yerel \u00e7evreyi g\u00fc\u00e7lendiriyor ve daha s\u00fcrd\u00fcr\u00fclebilir \u00e7ift\u00e7ili\u011fe ge\u00e7i\u015fi h\u0131zland\u0131r\u0131yor.<\/p>\n    <\/div>\n      <\/div>\n<\/section>\n\n\n<section class=\"text container wysiwyg\" >\n  \n<\/section>\n\n<section class=\"horizontal-posts\" >\n\n  <div class=\"horizontal-posts__background\">\n                        <img decoding=\"async\" class=\"horizontal-posts__background-image\" src=\"https:\/\/phytaxis.com\/wp-content\/uploads\/sites\/3\/2025\/12\/horse-9-16.jpg\" alt=\"\" \/>\n            <\/div>\n\n  <div class=\"container\">\n    <h2 class=\"horizontal-posts__title title-md\">Son Haberler<\/h2>\n  <\/div>\n\n      <div class=\"horizontal-posts__inner\" style=\"width: 500vw;\">\n              <div class=\"horizontal-posts__item-wrapper\">\n          \n<article class=\"post-card cutout aspect-ratio-9-16 cutout-bottom-right\">\n  <a class=\"post-card__content\" href=\"https:\/\/phytaxis.com\/tr\/2026\/02\/27\/mavi%cc%87-gida-i%cc%87novasyonu\/\">\n    <h3 class=\"post-card__title\">Blue Food Innovation'da bizimle tan\u0131\u015f\u0131n<\/h3>\n\n    <p class=\"post-card__excerpt body-md\">\n      Bu harika etkinli\u011fe iki y\u0131l boyunca delege olarak kat\u0131ld\u0131ktan sonra, bu y\u0131l Gold Partner olarak kat\u0131lmaktan mutluluk duyuyoruz. Londra'daki inan\u0131lmaz bir \u015firket ve startup kar\u0131\u015f\u0131m\u0131 ile ba\u011flant\u0131 kurmay\u0131 d\u00f6rt g\u00f6zle bekliyoruz.    <\/p>\n  <\/a>\n<\/article>        <\/div>\n              <div class=\"horizontal-posts__item-wrapper\">\n          \n<article class=\"post-card cutout aspect-ratio-9-16 cutout-bottom-right\">\n  <a class=\"post-card__content\" href=\"https:\/\/phytaxis.com\/tr\/2025\/01\/09\/birlesmis-milletler-gida-ve-tarim-orgutu-et-tuketiminde-daha-fazla-artis-ongoruyor\/\">\n    <h3 class=\"post-card__title\">BM G\u0131da ve Tar\u0131m \u00d6rg\u00fct\u00fc et t\u00fcketiminin daha da artaca\u011f\u0131n\u0131 \u00f6ng\u00f6rmektedir.<\/h3>\n\n    <p class=\"post-card__excerpt body-md\">\n      Medyada bu e\u011filimlerle ilgili artan say\u0131da haberle birlikte, \u00e7iftlik hayvanlar\u0131ndan elde edilen proteine olan talebin azald\u0131\u011f\u0131 izlenimine kap\u0131labilirsiniz. Ancak Birle\u015fmi\u015f Milletler G\u0131da ve Tar\u0131m \u00d6rg\u00fct\u00fc'n\u00fcn tahminleri farkl\u0131 bir hikaye anlat\u0131yor.    <\/p>\n  <\/a>\n<\/article>        <\/div>\n              <div class=\"horizontal-posts__item-wrapper\">\n          \n<article class=\"post-card cutout aspect-ratio-9-16 cutout-bottom-right\">\n  <a class=\"post-card__content\" href=\"https:\/\/phytaxis.com\/tr\/2025\/04\/25\/colima-su-urunleri-yetistiriciligi\/\">\n    <h3 class=\"post-card__title\">Colima - Su \u00dcr\u00fcnleri Yeti\u015ftiricili\u011fi<\/h3>\n\n    <p class=\"post-card__excerpt body-md\">\n      Todo Acu\u00edcola'daki ortaklar\u0131m\u0131zla birlikte Colima'da \u00fcretim d\u00f6ng\u00fcs\u00fcn\u00fc tamamlarken, sa\u011flam bir sonucu payla\u015fmaktan gurur duyuyoruz    <\/p>\n  <\/a>\n<\/article>        <\/div>\n              <div class=\"horizontal-posts__item-wrapper\">\n          \n<article class=\"post-card cutout aspect-ratio-9-16 cutout-bottom-right\">\n  <a class=\"post-card__content\" href=\"https:\/\/phytaxis.com\/tr\/2025\/02\/02\/balik-yetistiriciligine-daha-genis-bir-bakis-acisi-getirmek\/\">\n    <h3 class=\"post-card__title\">Bal\u0131k yeti\u015ftiricili\u011fine daha geni\u015f bir bak\u0131\u015f a\u00e7\u0131s\u0131 getirmek<\/h3>\n\n    <p class=\"post-card__excerpt body-md\">\n      International Aqua Feed'deki bu r\u00f6portajda CEO'muz Charles Walser, Phytaxis'in \u00e7iftlik hayvanlar\u0131 sa\u011fl\u0131\u011f\u0131 ve performans end\u00fcstrisinde inovasyonu nas\u0131l y\u00f6nlendirdi\u011fini ve daha s\u00fcrd\u00fcr\u00fclebilir bal\u0131k yeti\u015ftiricili\u011fine ge\u00e7i\u015fi nas\u0131l h\u0131zland\u0131rd\u0131\u011f\u0131m\u0131z\u0131 a\u00e7\u0131kl\u0131yor.    <\/p>\n  <\/a>\n<\/article>        <\/div>\n              <div class=\"horizontal-posts__item-wrapper\">\n          \n<article class=\"post-card cutout aspect-ratio-9-16 cutout-bottom-right\">\n  <a class=\"post-card__content\" href=\"https:\/\/phytaxis.com\/tr\/2025\/04\/24\/hos-geldiniz-dr-antonio-campos-mendoza\/\">\n    <h3 class=\"post-card__title\">Dr. Antonio Campos Mendoza<\/h3>\n\n    <p class=\"post-card__excerpt body-md\">\n      Dr. Antonio Campos Mendoza'y\u0131, akuak\u00fclt\u00fcrde ba\u011f\u0131rsak sa\u011fl\u0131\u011f\u0131n\u0131, b\u00fcy\u00fcmeyi ve s\u00fcrd\u00fcr\u00fclebilirli\u011fi iyile\u015ftirmeye y\u00f6nelik amiral gemisi \u00e7\u00f6z\u00fcm\u00fcm\u00fcz Digextra Aqua'n\u0131n K\u0131demli Teknik Dan\u0131\u015fman\u0131 olarak ekibimize katt\u0131\u011f\u0131m\u0131z i\u00e7in \u00e7ok mutluyuz.    <\/p>\n  <\/a>\n<\/article>        <\/div>\n          <\/div>\n  \n<\/section>\n\n\n<section class=\"text container wysiwyg\" >\n  \n<\/section>","protected":false},"excerpt":{"rendered":"","protected":false},"author":1,"featured_media":512,"parent":0,"menu_order":0,"comment_status":"closed","ping_status":"open","template":"","meta":{"_acf_changed":false,"content-type":"","footnotes":""},"class_list":["post-2","page","type-page","status-publish","has-post-thumbnail","hentry"],"acf":[],"yoast_head":"<!-- This site is optimized with the Yoast SEO plugin v26.6 - https:\/\/yoast.com\/wordpress\/plugins\/seo\/ -->\n<title>Phytaxis - Phytaxis<\/title>\n<meta name=\"description\" content=\"Welcome to Phytaxis \u2014 rethinking animal health rooted in science and sustainability. Explore solutions that support livestock wellbeing and real impact.\" \/>\n<meta name=\"robots\" content=\"index, follow, max-snippet:-1, max-image-preview:large, max-video-preview:-1\" \/>\n<link rel=\"canonical\" href=\"https:\/\/phytaxis.com\/tr\/\" \/>\n<meta property=\"og:locale\" content=\"tr_TR\" \/>\n<meta property=\"og:type\" content=\"article\" \/>\n<meta property=\"og:title\" content=\"Phytaxis - Phytaxis\" \/>\n<meta property=\"og:description\" content=\"Welcome to Phytaxis \u2014 rethinking animal health rooted in science and sustainability. Explore solutions that support livestock wellbeing and real impact.\" \/>\n<meta property=\"og:url\" content=\"https:\/\/phytaxis.com\/tr\/\" \/>\n<meta property=\"og:site_name\" content=\"Phytaxis\" \/>\n<meta property=\"article:modified_time\" content=\"2026-03-04T13:55:08+00:00\" \/>\n<meta property=\"og:image\" content=\"https:\/\/phytaxis.com\/wp-content\/uploads\/sites\/3\/2025\/12\/Phytaxis-meta-rethinking.jpg\" \/>\n\t<meta property=\"og:image:width\" content=\"1024\" \/>\n\t<meta property=\"og:image:height\" content=\"768\" \/>\n\t<meta property=\"og:image:type\" content=\"image\/jpeg\" \/>\n<meta name=\"twitter:card\" content=\"summary_large_image\" \/>\n<meta name=\"twitter:label1\" content=\"Tahmini okuma s\u00fcresi\" \/>\n\t<meta name=\"twitter:data1\" content=\"2 dakika\" \/>\n<script type=\"application\/ld+json\" class=\"yoast-schema-graph\">{\"@context\":\"https:\/\/schema.org\",\"@graph\":[{\"@type\":\"WebPage\",\"@id\":\"https:\/\/phytaxis.com\/\",\"url\":\"https:\/\/phytaxis.com\/\",\"name\":\"Phytaxis - Phytaxis\",\"isPartOf\":{\"@id\":\"https:\/\/phytaxis.com\/#website\"},\"primaryImageOfPage\":{\"@id\":\"https:\/\/phytaxis.com\/#primaryimage\"},\"image\":{\"@id\":\"https:\/\/phytaxis.com\/#primaryimage\"},\"thumbnailUrl\":\"https:\/\/phytaxis.com\/wp-content\/uploads\/sites\/3\/2025\/12\/Phytaxis-meta-rethinking.jpg\",\"datePublished\":\"2025-11-18T09:50:29+00:00\",\"dateModified\":\"2026-03-04T13:55:08+00:00\",\"description\":\"Welcome to Phytaxis \u2014 rethinking animal health rooted in science and sustainability. Explore solutions that support livestock wellbeing and real impact.\",\"breadcrumb\":{\"@id\":\"https:\/\/phytaxis.com\/#breadcrumb\"},\"inLanguage\":\"tr\",\"potentialAction\":[{\"@type\":\"ReadAction\",\"target\":[\"https:\/\/phytaxis.com\/\"]}]},{\"@type\":\"ImageObject\",\"inLanguage\":\"tr\",\"@id\":\"https:\/\/phytaxis.com\/#primaryimage\",\"url\":\"https:\/\/phytaxis.com\/wp-content\/uploads\/sites\/3\/2025\/12\/Phytaxis-meta-rethinking.jpg\",\"contentUrl\":\"https:\/\/phytaxis.com\/wp-content\/uploads\/sites\/3\/2025\/12\/Phytaxis-meta-rethinking.jpg\",\"width\":1024,\"height\":768},{\"@type\":\"BreadcrumbList\",\"@id\":\"https:\/\/phytaxis.com\/#breadcrumb\",\"itemListElement\":[{\"@type\":\"ListItem\",\"position\":1,\"name\":\"Home\",\"item\":\"https:\/\/phytaxis.com\/\"},{\"@type\":\"ListItem\",\"position\":2,\"name\":\"Phytaxis\"}]},{\"@type\":\"WebSite\",\"@id\":\"https:\/\/phytaxis.com\/#website\",\"url\":\"https:\/\/phytaxis.com\/\",\"name\":\"Phytaxis\",\"description\":\"Rethinking animal health\",\"potentialAction\":[{\"@type\":\"SearchAction\",\"target\":{\"@type\":\"EntryPoint\",\"urlTemplate\":\"https:\/\/phytaxis.com\/?s={search_term_string}\"},\"query-input\":{\"@type\":\"PropertyValueSpecification\",\"valueRequired\":true,\"valueName\":\"search_term_string\"}}],\"inLanguage\":\"tr\"}]}<\/script>\n<!-- \/ Yoast SEO plugin. -->","yoast_head_json":{"title":"Phytaxis - Phytaxis","description":"Phytaxis'e ho\u015f geldiniz - bilim ve s\u00fcrd\u00fcr\u00fclebilirlik temelinde hayvan sa\u011fl\u0131\u011f\u0131n\u0131 yeniden d\u00fc\u015f\u00fcnmek. \u00c7iftlik hayvanlar\u0131n\u0131n refah\u0131n\u0131 ve ger\u00e7ek etkiyi destekleyen \u00e7\u00f6z\u00fcmleri ke\u015ffedin.","robots":{"index":"index","follow":"follow","max-snippet":"max-snippet:-1","max-image-preview":"max-image-preview:large","max-video-preview":"max-video-preview:-1"},"canonical":"https:\/\/phytaxis.com\/tr\/","og_locale":"tr_TR","og_type":"article","og_title":"Phytaxis - Phytaxis","og_description":"Welcome to Phytaxis \u2014 rethinking animal health rooted in science and sustainability. Explore solutions that support livestock wellbeing and real impact.","og_url":"https:\/\/phytaxis.com\/tr\/","og_site_name":"Phytaxis","article_modified_time":"2026-03-04T13:55:08+00:00","og_image":[{"width":1024,"height":768,"url":"https:\/\/phytaxis.com\/wp-content\/uploads\/sites\/3\/2025\/12\/Phytaxis-meta-rethinking.jpg","type":"image\/jpeg"}],"twitter_card":"summary_large_image","twitter_misc":{"Tahmini okuma s\u00fcresi":"2 dakika"},"schema":{"@context":"https:\/\/schema.org","@graph":[{"@type":"WebPage","@id":"https:\/\/phytaxis.com\/","url":"https:\/\/phytaxis.com\/","name":"Phytaxis - Phytaxis","isPartOf":{"@id":"https:\/\/phytaxis.com\/#website"},"primaryImageOfPage":{"@id":"https:\/\/phytaxis.com\/#primaryimage"},"image":{"@id":"https:\/\/phytaxis.com\/#primaryimage"},"thumbnailUrl":"https:\/\/phytaxis.com\/wp-content\/uploads\/sites\/3\/2025\/12\/Phytaxis-meta-rethinking.jpg","datePublished":"2025-11-18T09:50:29+00:00","dateModified":"2026-03-04T13:55:08+00:00","description":"Phytaxis'e ho\u015f geldiniz - bilim ve s\u00fcrd\u00fcr\u00fclebilirlik temelinde hayvan sa\u011fl\u0131\u011f\u0131n\u0131 yeniden d\u00fc\u015f\u00fcnmek. \u00c7iftlik hayvanlar\u0131n\u0131n refah\u0131n\u0131 ve ger\u00e7ek etkiyi destekleyen \u00e7\u00f6z\u00fcmleri ke\u015ffedin.","breadcrumb":{"@id":"https:\/\/phytaxis.com\/#breadcrumb"},"inLanguage":"tr","potentialAction":[{"@type":"ReadAction","target":["https:\/\/phytaxis.com\/"]}]},{"@type":"ImageObject","inLanguage":"tr","@id":"https:\/\/phytaxis.com\/#primaryimage","url":"https:\/\/phytaxis.com\/wp-content\/uploads\/sites\/3\/2025\/12\/Phytaxis-meta-rethinking.jpg","contentUrl":"https:\/\/phytaxis.com\/wp-content\/uploads\/sites\/3\/2025\/12\/Phytaxis-meta-rethinking.jpg","width":1024,"height":768},{"@type":"BreadcrumbList","@id":"https:\/\/phytaxis.com\/#breadcrumb","itemListElement":[{"@type":"ListItem","position":1,"name":"Home","item":"https:\/\/phytaxis.com\/"},{"@type":"ListItem","position":2,"name":"Phytaxis"}]},{"@type":"WebSite","@id":"https:\/\/phytaxis.com\/#website","url":"https:\/\/phytaxis.com\/","name":"Phytaxis","description":"Hayvan sa\u011fl\u0131\u011f\u0131n\u0131 yeniden d\u00fc\u015f\u00fcnmek","potentialAction":[{"@type":"SearchAction","target":{"@type":"EntryPoint","urlTemplate":"https:\/\/phytaxis.com\/?s={search_term_string}"},"query-input":{"@type":"PropertyValueSpecification","valueRequired":true,"valueName":"search_term_string"}}],"inLanguage":"tr"}]}},"_links":{"self":[{"href":"https:\/\/phytaxis.com\/tr\/wp-json\/wp\/v2\/pages\/2","targetHints":{"allow":["GET"]}}],"collection":[{"href":"https:\/\/phytaxis.com\/tr\/wp-json\/wp\/v2\/pages"}],"about":[{"href":"https:\/\/phytaxis.com\/tr\/wp-json\/wp\/v2\/types\/page"}],"author":[{"embeddable":true,"href":"https:\/\/phytaxis.com\/tr\/wp-json\/wp\/v2\/users\/1"}],"replies":[{"embeddable":true,"href":"https:\/\/phytaxis.com\/tr\/wp-json\/wp\/v2\/comments?post=2"}],"version-history":[{"count":59,"href":"https:\/\/phytaxis.com\/tr\/wp-json\/wp\/v2\/pages\/2\/revisions"}],"predecessor-version":[{"id":742,"href":"https:\/\/phytaxis.com\/tr\/wp-json\/wp\/v2\/pages\/2\/revisions\/742"}],"wp:featuredmedia":[{"embeddable":true,"href":"https:\/\/phytaxis.com\/tr\/wp-json\/wp\/v2\/media\/512"}],"wp:attachment":[{"href":"https:\/\/phytaxis.com\/tr\/wp-json\/wp\/v2\/media?parent=2"}],"curies":[{"name":"wp","href":"https:\/\/api.w.org\/{rel}","templated":true}]}}