{"id":2,"date":"2025-11-18T09:50:29","date_gmt":"2025-11-18T09:50:29","guid":{"rendered":"http:\/\/phytaxis.tanovis.linawang.se\/?page_id=2"},"modified":"2026-03-04T13:55:08","modified_gmt":"2026-03-04T13:55:08","slug":"pagina-de-amostra","status":"publish","type":"page","link":"https:\/\/phytaxis.com\/pt\/","title":{"rendered":"Phytaxis"},"content":{"rendered":"<section class=\"tanovis_hero  bg-dark\" >\n  <div class=\"hero__media\">\n          <video class=\"hero__video\" src=\"https:\/\/phytaxis.com\/wp-content\/uploads\/sites\/3\/2025\/12\/HERO-loop-cow.mp4\" autoplay muted loop playsinline><\/video>\n              <img decoding=\"async\" class=\"hero__bg\" src=\"https:\/\/phytaxis.com\/wp-content\/uploads\/sites\/3\/2025\/12\/Phytaxis-color-16-9.jpg\" alt=\"\" \/>\n    \n    <div class=\"hero__symbol-container\">\n          <\/div>\n  <\/div>\n\n  <div class=\"hero__content container\">\n          <h3 class=\"hero__eyebrow body-sm\">Conhe\u00e7a uma nova gera\u00e7\u00e3o de aditivos alimentares de alto desempenho <\/h3>\n    \n          <h1 class=\"hero__title title-lg\">Boas not\u00edcias para seus animais, seu planeta e seus resultados financeiros.<\/h1>\n    \n          <ul class=\"hero__posts\">\n                  <li class=\"hero__post\">\n            <span class=\"bg-decorator\"><\/span>\n            <a href=\"https:\/\/phytaxis.com\/pt\/2026\/02\/27\/inovacao-da-blue-food\/\" class=\"hero__post-link\">\n              <p class=\"hero__eyebrow eyebrow\">\n                                  <span class=\"hero__post-date\">27 de fevereiro de 2026<\/span>\n                              <\/p>\n              <p class=\"hero__post-title body-md\">Encontre-nos na Blue Food Innovation<\/p>\n            <\/a>\n          <\/li>\n                  <li class=\"hero__post\">\n            <span class=\"bg-decorator\"><\/span>\n            <a href=\"https:\/\/phytaxis.com\/pt\/2025\/02\/02\/trazendo-uma-perspectiva-mais-ampla-sobre-a-piscicultura\/\" class=\"hero__post-link\">\n              <p class=\"hero__eyebrow eyebrow\">\n                                  <span class=\"hero__post-date\">2 de fevereiro de 2025<\/span>\n                              <\/p>\n              <p class=\"hero__post-title body-md\">Trazendo uma perspectiva mais ampla sobre a piscicultura<\/p>\n            <\/a>\n          <\/li>\n              <\/ul>\n    \n  <\/div>\n<\/section>\n\n\n<section class=\"quote   bg-accent\" >\n  \n  <div class=\"container\">\n        <h3 class=\"quote__text animate-lines preamble\">\n      Desbloqueamos o poder bioativo da lignina para a sa\u00fade animal. E desafiamos a ind\u00fastria a repensar como os produtos s\u00e3o fabricados, como funcionam e que valor agregam.    <\/h3>\n          <\/div>\n\n<\/section>\n\n\n<section class=\"gallery  bg-light\" >\n  <div class=\"gallery__images layout-three\">\n          <div class=\"grid-item\">\n        <div class=\"image-1 cutout cutout-image aspect-ratio-16-9 cutout-top-right\" data-speed=\"1.1\">\n          <img decoding=\"async\" src=\"https:\/\/phytaxis.com\/wp-content\/uploads\/sites\/3\/2025\/12\/cow-4-3.jpg\" alt=\"\" data-speed=\"1.1\">\n        <\/div>\n        <h3 class=\"gallery__text title-md\" data-speed=\"1.1\">\n          Produ\u00e7\u00e3o intensiva. Aumento da mortalidade. Impacto negativo no meio ambiente. A crescente demanda por carne em todo o mundo traz consequ\u00eancias dif\u00edceis de aceitar para qualquer consci\u00eancia.\u00a0        <\/h3>\n        <div class=\"image-2 cutout cutout-image aspect-ratio-16-9 cutout-top-right\" data-speed=\"1.3\">\n          <img decoding=\"async\" src=\"https:\/\/phytaxis.com\/wp-content\/uploads\/sites\/3\/2025\/12\/pig2-1-1.jpg\" alt=\"\" data-speed=\"0.9\">\n        <\/div>\n      <\/div>\n\n      <div class=\"grid-item\" data-speed=\"0.9\">\n        <div class=\"image-3 cutout cutout-image aspect-ratio-16-9 cutout-top-right\">\n          <img decoding=\"async\" src=\"https:\/\/phytaxis.com\/wp-content\/uploads\/sites\/3\/2025\/12\/horse-1-1.jpg\" alt=\"\" data-speed=\"0.9\">\n        <\/div>\n        <div class=\"image-4 cutout cutout-image aspect-ratio-3-4 cutout-top-right\">\n          <img decoding=\"async\" src=\"https:\/\/phytaxis.com\/wp-content\/uploads\/sites\/3\/2025\/12\/hen-1-1.jpg\" alt=\"\" data-speed=\"1.1\">\n        <\/div>\n      <\/div>\n\n\n      <\/div>\n\n  <\/section>\n\n\n<section class=\"text container wysiwyg\" >\n  \n<\/section>\n\n\n<section class=\"text-columns container  bg-light\" >\n  <div class=\"text-columns__inner\">\n    <div class=\"text-columns__col-title\">\n      <h2 class=\"title-md\">Repensando a sa\u00fade animal<\/h2>\n    <\/div>\n    <div><\/div>\n    <div class=\"text-columns__col-1 fade-up-delay-200\">\n      <p class=\"p1\">Quando os padr\u00f5es de vida globais aumentam e o aumento da produ\u00e7\u00e3o de carne ocorre \u00e0s custas de sistemas sobrecarregados e danos ambientais, devemos ir al\u00e9m para encontrar solu\u00e7\u00f5es que sejam eficientes e sustent\u00e1veis. N\u00f3s reciclamos a lignina em aditivos alimentares naturais de alto desempenho 100% para peixes, gado leiteiro, gado de corte, su\u00ednos e aves.<\/p>\n    <\/div>\n    <div class=\"text-columns__col-2 fade-up-delay-600\">\n      <p>E nossos produtos n\u00e3o melhoram apenas a sa\u00fade intestinal de cada animal. Eles aumentam o bem-estar de todas as esp\u00e9cies, reduzem a necessidade de antibi\u00f3ticos, diminuem a taxa de mortalidade, fortalecem o meio ambiente local e aceleram a transi\u00e7\u00e3o para uma agricultura mais sustent\u00e1vel.<\/p>\n    <\/div>\n      <\/div>\n<\/section>\n\n\n<section class=\"text container wysiwyg\" >\n  \n<\/section>\n\n<section class=\"horizontal-posts\" >\n\n  <div class=\"horizontal-posts__background\">\n                        <img decoding=\"async\" class=\"horizontal-posts__background-image\" src=\"https:\/\/phytaxis.com\/wp-content\/uploads\/sites\/3\/2025\/12\/horse-9-16.jpg\" alt=\"\" \/>\n            <\/div>\n\n  <div class=\"container\">\n    <h2 class=\"horizontal-posts__title title-md\">\u00daltimas not\u00edcias<\/h2>\n  <\/div>\n\n      <div class=\"horizontal-posts__inner\" style=\"width: 500vw;\">\n              <div class=\"horizontal-posts__item-wrapper\">\n          \n<article class=\"post-card cutout aspect-ratio-9-16 cutout-bottom-right\">\n  <a class=\"post-card__content\" href=\"https:\/\/phytaxis.com\/pt\/2026\/02\/27\/inovacao-da-blue-food\/\">\n    <h3 class=\"post-card__title\">Encontre-nos na Blue Food Innovation<\/h3>\n\n    <p class=\"post-card__excerpt body-md\">\n      Depois de dois anos participando desse fant\u00e1stico evento como delegados, estamos muito satisfeitos por participar este ano como Gold Partner. Estamos ansiosos para nos conectar com uma incr\u00edvel mistura de empresas e startups em Londres.    <\/p>\n  <\/a>\n<\/article>        <\/div>\n              <div class=\"horizontal-posts__item-wrapper\">\n          \n<article class=\"post-card cutout aspect-ratio-9-16 cutout-bottom-right\">\n  <a class=\"post-card__content\" href=\"https:\/\/phytaxis.com\/pt\/2025\/01\/09\/a-organizacao-das-nacoes-unidas-para-a-alimentacao-e-a-agricultura-preve-um-aumento-ainda-maior-no-consumo-de-carne\/\">\n    <h3 class=\"post-card__title\">A Organiza\u00e7\u00e3o das Na\u00e7\u00f5es Unidas para a Alimenta\u00e7\u00e3o e a Agricultura prev\u00ea um aumento ainda maior no consumo de carne.<\/h3>\n\n    <p class=\"post-card__excerpt body-md\">\n      Com um n\u00famero crescente de reportagens na m\u00eddia sobre essas tend\u00eancias, pode-se ter a impress\u00e3o de que a demanda por prote\u00edna proveniente de animais de cria\u00e7\u00e3o est\u00e1 diminuindo. Mas as previs\u00f5es da Organiza\u00e7\u00e3o das Na\u00e7\u00f5es Unidas para a Alimenta\u00e7\u00e3o e a Agricultura mostram uma realidade diferente.    <\/p>\n  <\/a>\n<\/article>        <\/div>\n              <div class=\"horizontal-posts__item-wrapper\">\n          \n<article class=\"post-card cutout aspect-ratio-9-16 cutout-bottom-right\">\n  <a class=\"post-card__content\" href=\"https:\/\/phytaxis.com\/pt\/2025\/04\/25\/aquicultura-em-colima\/\">\n    <h3 class=\"post-card__title\">Colima \u2013 Aquicultura<\/h3>\n\n    <p class=\"post-card__excerpt body-md\">\n      Concluindo o ciclo de produ\u00e7\u00e3o aqui em Colima com nossos parceiros da Todo Acu\u00edcola, temos o orgulho de compartilhar um resultado s\u00f3lido.    <\/p>\n  <\/a>\n<\/article>        <\/div>\n              <div class=\"horizontal-posts__item-wrapper\">\n          \n<article class=\"post-card cutout aspect-ratio-9-16 cutout-bottom-right\">\n  <a class=\"post-card__content\" href=\"https:\/\/phytaxis.com\/pt\/2025\/02\/02\/trazendo-uma-perspectiva-mais-ampla-sobre-a-piscicultura\/\">\n    <h3 class=\"post-card__title\">Trazendo uma perspectiva mais ampla sobre a piscicultura<\/h3>\n\n    <p class=\"post-card__excerpt body-md\">\n      Nesta entrevista \u00e0 International Aqua Feed, nosso CEO Charles Walser explica como a Phytaxis impulsiona a inova\u00e7\u00e3o no setor de sa\u00fade e desempenho animal e como estamos acelerando a transi\u00e7\u00e3o para uma piscicultura mais sustent\u00e1vel.    <\/p>\n  <\/a>\n<\/article>        <\/div>\n              <div class=\"horizontal-posts__item-wrapper\">\n          \n<article class=\"post-card cutout aspect-ratio-9-16 cutout-bottom-right\">\n  <a class=\"post-card__content\" href=\"https:\/\/phytaxis.com\/pt\/2025\/04\/24\/bem-vindo-dr-antonio-campos-mendoza\/\">\n    <h3 class=\"post-card__title\">Dr. Antonio Campos Mendoza<\/h3>\n\n    <p class=\"post-card__excerpt body-md\">\n      Estamos muito felizes em receber o Dr. Antonio Campos Mendoza em nossa equipe como consultor t\u00e9cnico s\u00eanior da Digextra Aqua, nossa solu\u00e7\u00e3o principal para melhorar a sa\u00fade intestinal, o crescimento e a sustentabilidade na aquicultura.    <\/p>\n  <\/a>\n<\/article>        <\/div>\n          <\/div>\n  \n<\/section>\n\n\n<section class=\"text container wysiwyg\" >\n  \n<\/section>","protected":false},"excerpt":{"rendered":"","protected":false},"author":1,"featured_media":512,"parent":0,"menu_order":0,"comment_status":"closed","ping_status":"open","template":"","meta":{"_acf_changed":false,"content-type":"","footnotes":""},"class_list":["post-2","page","type-page","status-publish","has-post-thumbnail","hentry"],"acf":[],"yoast_head":"<!-- This site is optimized with the Yoast SEO plugin v26.6 - https:\/\/yoast.com\/wordpress\/plugins\/seo\/ -->\n<title>Phytaxis - Phytaxis<\/title>\n<meta name=\"description\" content=\"Welcome to Phytaxis \u2014 rethinking animal health rooted in science and sustainability. Explore solutions that support livestock wellbeing and real impact.\" \/>\n<meta name=\"robots\" content=\"index, follow, max-snippet:-1, max-image-preview:large, max-video-preview:-1\" \/>\n<link rel=\"canonical\" href=\"https:\/\/phytaxis.com\/pt\/\" \/>\n<meta property=\"og:locale\" content=\"pt_BR\" \/>\n<meta property=\"og:type\" content=\"article\" \/>\n<meta property=\"og:title\" content=\"Phytaxis - Phytaxis\" \/>\n<meta property=\"og:description\" content=\"Welcome to Phytaxis \u2014 rethinking animal health rooted in science and sustainability. Explore solutions that support livestock wellbeing and real impact.\" \/>\n<meta property=\"og:url\" content=\"https:\/\/phytaxis.com\/pt\/\" \/>\n<meta property=\"og:site_name\" content=\"Phytaxis\" \/>\n<meta property=\"article:modified_time\" content=\"2026-03-04T13:55:08+00:00\" \/>\n<meta property=\"og:image\" content=\"https:\/\/phytaxis.com\/wp-content\/uploads\/sites\/3\/2025\/12\/Phytaxis-meta-rethinking.jpg\" \/>\n\t<meta property=\"og:image:width\" content=\"1024\" \/>\n\t<meta property=\"og:image:height\" content=\"768\" \/>\n\t<meta property=\"og:image:type\" content=\"image\/jpeg\" \/>\n<meta name=\"twitter:card\" content=\"summary_large_image\" \/>\n<meta name=\"twitter:label1\" content=\"Est. tempo de leitura\" \/>\n\t<meta name=\"twitter:data1\" content=\"2 minutos\" \/>\n<script type=\"application\/ld+json\" class=\"yoast-schema-graph\">{\"@context\":\"https:\/\/schema.org\",\"@graph\":[{\"@type\":\"WebPage\",\"@id\":\"https:\/\/phytaxis.com\/\",\"url\":\"https:\/\/phytaxis.com\/\",\"name\":\"Phytaxis - Phytaxis\",\"isPartOf\":{\"@id\":\"https:\/\/phytaxis.com\/#website\"},\"primaryImageOfPage\":{\"@id\":\"https:\/\/phytaxis.com\/#primaryimage\"},\"image\":{\"@id\":\"https:\/\/phytaxis.com\/#primaryimage\"},\"thumbnailUrl\":\"https:\/\/phytaxis.com\/wp-content\/uploads\/sites\/3\/2025\/12\/Phytaxis-meta-rethinking.jpg\",\"datePublished\":\"2025-11-18T09:50:29+00:00\",\"dateModified\":\"2026-03-04T13:55:08+00:00\",\"description\":\"Welcome to Phytaxis \u2014 rethinking animal health rooted in science and sustainability. Explore solutions that support livestock wellbeing and real impact.\",\"breadcrumb\":{\"@id\":\"https:\/\/phytaxis.com\/#breadcrumb\"},\"inLanguage\":\"pt-BR\",\"potentialAction\":[{\"@type\":\"ReadAction\",\"target\":[\"https:\/\/phytaxis.com\/\"]}]},{\"@type\":\"ImageObject\",\"inLanguage\":\"pt-BR\",\"@id\":\"https:\/\/phytaxis.com\/#primaryimage\",\"url\":\"https:\/\/phytaxis.com\/wp-content\/uploads\/sites\/3\/2025\/12\/Phytaxis-meta-rethinking.jpg\",\"contentUrl\":\"https:\/\/phytaxis.com\/wp-content\/uploads\/sites\/3\/2025\/12\/Phytaxis-meta-rethinking.jpg\",\"width\":1024,\"height\":768},{\"@type\":\"BreadcrumbList\",\"@id\":\"https:\/\/phytaxis.com\/#breadcrumb\",\"itemListElement\":[{\"@type\":\"ListItem\",\"position\":1,\"name\":\"Home\",\"item\":\"https:\/\/phytaxis.com\/\"},{\"@type\":\"ListItem\",\"position\":2,\"name\":\"Phytaxis\"}]},{\"@type\":\"WebSite\",\"@id\":\"https:\/\/phytaxis.com\/#website\",\"url\":\"https:\/\/phytaxis.com\/\",\"name\":\"Phytaxis\",\"description\":\"Rethinking animal health\",\"potentialAction\":[{\"@type\":\"SearchAction\",\"target\":{\"@type\":\"EntryPoint\",\"urlTemplate\":\"https:\/\/phytaxis.com\/?s={search_term_string}\"},\"query-input\":{\"@type\":\"PropertyValueSpecification\",\"valueRequired\":true,\"valueName\":\"search_term_string\"}}],\"inLanguage\":\"pt-BR\"}]}<\/script>\n<!-- \/ Yoast SEO plugin. -->","yoast_head_json":{"title":"Phytaxis - Phytaxis","description":"Bem-vindo \u00e0 Phytaxis \u2014 repensando a sa\u00fade animal com base na ci\u00eancia e na sustentabilidade. Explore solu\u00e7\u00f5es que apoiam o bem-estar do gado e t\u00eam impacto real.","robots":{"index":"index","follow":"follow","max-snippet":"max-snippet:-1","max-image-preview":"max-image-preview:large","max-video-preview":"max-video-preview:-1"},"canonical":"https:\/\/phytaxis.com\/pt\/","og_locale":"pt_BR","og_type":"article","og_title":"Phytaxis - Phytaxis","og_description":"Welcome to Phytaxis \u2014 rethinking animal health rooted in science and sustainability. Explore solutions that support livestock wellbeing and real impact.","og_url":"https:\/\/phytaxis.com\/pt\/","og_site_name":"Phytaxis","article_modified_time":"2026-03-04T13:55:08+00:00","og_image":[{"width":1024,"height":768,"url":"https:\/\/phytaxis.com\/wp-content\/uploads\/sites\/3\/2025\/12\/Phytaxis-meta-rethinking.jpg","type":"image\/jpeg"}],"twitter_card":"summary_large_image","twitter_misc":{"Est. tempo de leitura":"2 minutos"},"schema":{"@context":"https:\/\/schema.org","@graph":[{"@type":"WebPage","@id":"https:\/\/phytaxis.com\/","url":"https:\/\/phytaxis.com\/","name":"Phytaxis - Phytaxis","isPartOf":{"@id":"https:\/\/phytaxis.com\/#website"},"primaryImageOfPage":{"@id":"https:\/\/phytaxis.com\/#primaryimage"},"image":{"@id":"https:\/\/phytaxis.com\/#primaryimage"},"thumbnailUrl":"https:\/\/phytaxis.com\/wp-content\/uploads\/sites\/3\/2025\/12\/Phytaxis-meta-rethinking.jpg","datePublished":"2025-11-18T09:50:29+00:00","dateModified":"2026-03-04T13:55:08+00:00","description":"Bem-vindo \u00e0 Phytaxis \u2014 repensando a sa\u00fade animal com base na ci\u00eancia e na sustentabilidade. Explore solu\u00e7\u00f5es que apoiam o bem-estar do gado e t\u00eam impacto real.","breadcrumb":{"@id":"https:\/\/phytaxis.com\/#breadcrumb"},"inLanguage":"pt-BR","potentialAction":[{"@type":"ReadAction","target":["https:\/\/phytaxis.com\/"]}]},{"@type":"ImageObject","inLanguage":"pt-BR","@id":"https:\/\/phytaxis.com\/#primaryimage","url":"https:\/\/phytaxis.com\/wp-content\/uploads\/sites\/3\/2025\/12\/Phytaxis-meta-rethinking.jpg","contentUrl":"https:\/\/phytaxis.com\/wp-content\/uploads\/sites\/3\/2025\/12\/Phytaxis-meta-rethinking.jpg","width":1024,"height":768},{"@type":"BreadcrumbList","@id":"https:\/\/phytaxis.com\/#breadcrumb","itemListElement":[{"@type":"ListItem","position":1,"name":"Home","item":"https:\/\/phytaxis.com\/"},{"@type":"ListItem","position":2,"name":"Phytaxis"}]},{"@type":"WebSite","@id":"https:\/\/phytaxis.com\/#website","url":"https:\/\/phytaxis.com\/","name":"Phytaxis","description":"Repensando a sa\u00fade animal","potentialAction":[{"@type":"SearchAction","target":{"@type":"EntryPoint","urlTemplate":"https:\/\/phytaxis.com\/?s={search_term_string}"},"query-input":{"@type":"PropertyValueSpecification","valueRequired":true,"valueName":"search_term_string"}}],"inLanguage":"pt-BR"}]}},"_links":{"self":[{"href":"https:\/\/phytaxis.com\/pt\/wp-json\/wp\/v2\/pages\/2","targetHints":{"allow":["GET"]}}],"collection":[{"href":"https:\/\/phytaxis.com\/pt\/wp-json\/wp\/v2\/pages"}],"about":[{"href":"https:\/\/phytaxis.com\/pt\/wp-json\/wp\/v2\/types\/page"}],"author":[{"embeddable":true,"href":"https:\/\/phytaxis.com\/pt\/wp-json\/wp\/v2\/users\/1"}],"replies":[{"embeddable":true,"href":"https:\/\/phytaxis.com\/pt\/wp-json\/wp\/v2\/comments?post=2"}],"version-history":[{"count":59,"href":"https:\/\/phytaxis.com\/pt\/wp-json\/wp\/v2\/pages\/2\/revisions"}],"predecessor-version":[{"id":742,"href":"https:\/\/phytaxis.com\/pt\/wp-json\/wp\/v2\/pages\/2\/revisions\/742"}],"wp:featuredmedia":[{"embeddable":true,"href":"https:\/\/phytaxis.com\/pt\/wp-json\/wp\/v2\/media\/512"}],"wp:attachment":[{"href":"https:\/\/phytaxis.com\/pt\/wp-json\/wp\/v2\/media?parent=2"}],"curies":[{"name":"wp","href":"https:\/\/api.w.org\/{rel}","templated":true}]}}