{"id":2,"date":"2025-11-18T09:50:29","date_gmt":"2025-11-18T09:50:29","guid":{"rendered":"http:\/\/phytaxis.tanovis.linawang.se\/?page_id=2"},"modified":"2026-03-04T13:55:08","modified_gmt":"2026-03-04T13:55:08","slug":"pagina-de-muestra","status":"publish","type":"page","link":"https:\/\/phytaxis.com\/es\/","title":{"rendered":"Fitaxis"},"content":{"rendered":"<section class=\"tanovis_hero  bg-dark\" >\n  <div class=\"hero__media\">\n          <video class=\"hero__video\" src=\"https:\/\/phytaxis.com\/wp-content\/uploads\/sites\/3\/2025\/12\/HERO-loop-cow.mp4\" autoplay muted loop playsinline><\/video>\n              <img decoding=\"async\" class=\"hero__bg\" src=\"https:\/\/phytaxis.com\/wp-content\/uploads\/sites\/3\/2025\/12\/Phytaxis-color-16-9.jpg\" alt=\"\" \/>\n    \n    <div class=\"hero__symbol-container\">\n          <\/div>\n  <\/div>\n\n  <div class=\"hero__content container\">\n          <h3 class=\"hero__eyebrow body-sm\">Conozca una nueva generaci\u00f3n de aditivos alimentarios de alto rendimiento. <\/h3>\n    \n          <h1 class=\"hero__title title-lg\">Buenas noticias para sus animales, su planeta y sus resultados econ\u00f3micos.<\/h1>\n    \n          <ul class=\"hero__posts\">\n                  <li class=\"hero__post\">\n            <span class=\"bg-decorator\"><\/span>\n            <a href=\"https:\/\/phytaxis.com\/es\/2026\/02\/27\/innovacion-alimentaria-azul\/\" class=\"hero__post-link\">\n              <p class=\"hero__eyebrow eyebrow\">\n                                  <span class=\"hero__post-date\">27 de febrero de 2026<\/span>\n                              <\/p>\n              <p class=\"hero__post-title body-md\">Nos vemos en Blue Food Innovation<\/p>\n            <\/a>\n          <\/li>\n                  <li class=\"hero__post\">\n            <span class=\"bg-decorator\"><\/span>\n            <a href=\"https:\/\/phytaxis.com\/es\/2025\/02\/02\/aportando-una-perspectiva-mas-amplia-sobre-la-piscicultura\/\" class=\"hero__post-link\">\n              <p class=\"hero__eyebrow eyebrow\">\n                                  <span class=\"hero__post-date\">2 de febrero de 2025<\/span>\n                              <\/p>\n              <p class=\"hero__post-title body-md\">Aportando una perspectiva m\u00e1s amplia sobre la piscicultura<\/p>\n            <\/a>\n          <\/li>\n              <\/ul>\n    \n  <\/div>\n<\/section>\n\n\n<section class=\"quote   bg-accent\" >\n  \n  <div class=\"container\">\n        <h3 class=\"quote__text animate-lines preamble\">\n      Liberamos el poder bioactivo de la lignina para la salud animal. Y retamos a la industria a replantearse c\u00f3mo se fabrican los productos, c\u00f3mo funcionan y qu\u00e9 valor aportan.    <\/h3>\n          <\/div>\n\n<\/section>\n\n\n<section class=\"gallery  bg-light\" >\n  <div class=\"gallery__images layout-three\">\n          <div class=\"grid-item\">\n        <div class=\"image-1 cutout cutout-image aspect-ratio-16-9 cutout-top-right\" data-speed=\"1.1\">\n          <img decoding=\"async\" src=\"https:\/\/phytaxis.com\/wp-content\/uploads\/sites\/3\/2025\/12\/cow-4-3.jpg\" alt=\"\" data-speed=\"1.1\">\n        <\/div>\n        <h3 class=\"gallery__text title-md\" data-speed=\"1.1\">\n          Producci\u00f3n estresante. Aumento de la mortalidad. Impacto negativo en el medio ambiente. La creciente demanda mundial de carne tiene consecuencias que pueden resultar dif\u00edciles de digerir para cualquier conciencia.\u00a0        <\/h3>\n        <div class=\"image-2 cutout cutout-image aspect-ratio-16-9 cutout-top-right\" data-speed=\"1.3\">\n          <img decoding=\"async\" src=\"https:\/\/phytaxis.com\/wp-content\/uploads\/sites\/3\/2025\/12\/pig2-1-1.jpg\" alt=\"\" data-speed=\"0.9\">\n        <\/div>\n      <\/div>\n\n      <div class=\"grid-item\" data-speed=\"0.9\">\n        <div class=\"image-3 cutout cutout-image aspect-ratio-16-9 cutout-top-right\">\n          <img decoding=\"async\" src=\"https:\/\/phytaxis.com\/wp-content\/uploads\/sites\/3\/2025\/12\/horse-1-1.jpg\" alt=\"\" data-speed=\"0.9\">\n        <\/div>\n        <div class=\"image-4 cutout cutout-image aspect-ratio-3-4 cutout-top-right\">\n          <img decoding=\"async\" src=\"https:\/\/phytaxis.com\/wp-content\/uploads\/sites\/3\/2025\/12\/hen-1-1.jpg\" alt=\"\" data-speed=\"1.1\">\n        <\/div>\n      <\/div>\n\n\n      <\/div>\n\n  <\/section>\n\n\n<section class=\"text container wysiwyg\" >\n  \n<\/section>\n\n\n<section class=\"text-columns container  bg-light\" >\n  <div class=\"text-columns__inner\">\n    <div class=\"text-columns__col-title\">\n      <h2 class=\"title-md\">Repensar la salud animal<\/h2>\n    <\/div>\n    <div><\/div>\n    <div class=\"text-columns__col-1 fade-up-delay-200\">\n      <p class=\"p1\">Cuando el nivel de vida mundial aumenta y el incremento de la producci\u00f3n c\u00e1rnica tiene como contrapartida la saturaci\u00f3n de los sistemas y el da\u00f1o medioambiental, debemos ir m\u00e1s all\u00e1 y buscar soluciones que sean eficientes y sostenibles. Reciclamos la lignina para convertirla en aditivos alimentarios naturales de alto rendimiento 100% para peces, ganado lechero, ganado vacuno, porcino y aves de corral.<\/p>\n    <\/div>\n    <div class=\"text-columns__col-2 fade-up-delay-600\">\n      <p>Adem\u00e1s, nuestros productos no solo mejoran la salud intestinal de cada animal. Aumentan el bienestar de todas las especies, reducen la necesidad de antibi\u00f3ticos, disminuyen la tasa de mortalidad, fortalecen el medio ambiente local y aceleran la transici\u00f3n hacia una ganader\u00eda m\u00e1s sostenible.<\/p>\n    <\/div>\n      <\/div>\n<\/section>\n\n\n<section class=\"text container wysiwyg\" >\n  \n<\/section>\n\n<section class=\"horizontal-posts\" >\n\n  <div class=\"horizontal-posts__background\">\n                        <img decoding=\"async\" class=\"horizontal-posts__background-image\" src=\"https:\/\/phytaxis.com\/wp-content\/uploads\/sites\/3\/2025\/12\/horse-9-16.jpg\" alt=\"\" \/>\n            <\/div>\n\n  <div class=\"container\">\n    <h2 class=\"horizontal-posts__title title-md\">\u00daltimas noticias<\/h2>\n  <\/div>\n\n      <div class=\"horizontal-posts__inner\" style=\"width: 500vw;\">\n              <div class=\"horizontal-posts__item-wrapper\">\n          \n<article class=\"post-card cutout aspect-ratio-9-16 cutout-bottom-right\">\n  <a class=\"post-card__content\" href=\"https:\/\/phytaxis.com\/es\/2026\/02\/27\/innovacion-alimentaria-azul\/\">\n    <h3 class=\"post-card__title\">Nos vemos en Blue Food Innovation<\/h3>\n\n    <p class=\"post-card__excerpt body-md\">\n      Despu\u00e9s de dos a\u00f1os asistiendo a este fant\u00e1stico evento como delegados, estamos encantados de participar este a\u00f1o como socio Gold. Estamos deseando conectar con una incre\u00edble variedad de empresas y startups en Londres.    <\/p>\n  <\/a>\n<\/article>        <\/div>\n              <div class=\"horizontal-posts__item-wrapper\">\n          \n<article class=\"post-card cutout aspect-ratio-9-16 cutout-bottom-right\">\n  <a class=\"post-card__content\" href=\"https:\/\/phytaxis.com\/es\/2025\/01\/09\/la-organizacion-de-las-naciones-unidas-para-la-alimentacion-y-la-agricultura-preve-un-nuevo-aumento-del-consumo-de-carne\/\">\n    <h3 class=\"post-card__title\">La Organizaci\u00f3n de las Naciones Unidas para la Alimentaci\u00f3n y la Agricultura prev\u00e9 un mayor aumento en el consumo de carne.<\/h3>\n\n    <p class=\"post-card__excerpt body-md\">\n      Con el creciente n\u00famero de informes en los medios de comunicaci\u00f3n sobre estas tendencias, se podr\u00eda tener la impresi\u00f3n de que la demanda de prote\u00ednas procedentes de animales de granja est\u00e1 disminuyendo. Sin embargo, las previsiones de la Organizaci\u00f3n de las Naciones Unidas para la Alimentaci\u00f3n y la Agricultura cuentan una historia diferente.    <\/p>\n  <\/a>\n<\/article>        <\/div>\n              <div class=\"horizontal-posts__item-wrapper\">\n          \n<article class=\"post-card cutout aspect-ratio-9-16 cutout-bottom-right\">\n  <a class=\"post-card__content\" href=\"https:\/\/phytaxis.com\/es\/2025\/04\/25\/acuicultura-en-colima\/\">\n    <h3 class=\"post-card__title\">Colima \u2013 Acuicultura<\/h3>\n\n    <p class=\"post-card__excerpt body-md\">\n      Al concluir el ciclo de producci\u00f3n aqu\u00ed en Colima con nuestros socios de Todo Acu\u00edcola, nos enorgullece compartir un resultado s\u00f3lido.    <\/p>\n  <\/a>\n<\/article>        <\/div>\n              <div class=\"horizontal-posts__item-wrapper\">\n          \n<article class=\"post-card cutout aspect-ratio-9-16 cutout-bottom-right\">\n  <a class=\"post-card__content\" href=\"https:\/\/phytaxis.com\/es\/2025\/02\/02\/aportando-una-perspectiva-mas-amplia-sobre-la-piscicultura\/\">\n    <h3 class=\"post-card__title\">Aportando una perspectiva m\u00e1s amplia sobre la piscicultura<\/h3>\n\n    <p class=\"post-card__excerpt body-md\">\n      En esta entrevista publicada en International Aqua Feed, nuestro director general, Charles Walser, explica c\u00f3mo Phytaxis impulsa la innovaci\u00f3n en el sector de la salud y el rendimiento del ganado y c\u00f3mo estamos acelerando la transici\u00f3n hacia una piscicultura m\u00e1s sostenible.    <\/p>\n  <\/a>\n<\/article>        <\/div>\n              <div class=\"horizontal-posts__item-wrapper\">\n          \n<article class=\"post-card cutout aspect-ratio-9-16 cutout-bottom-right\">\n  <a class=\"post-card__content\" href=\"https:\/\/phytaxis.com\/es\/2025\/04\/24\/bienvenido-dr-antonio-campos-mendoza\/\">\n    <h3 class=\"post-card__title\">Dr. Antonio Campos Mendoza<\/h3>\n\n    <p class=\"post-card__excerpt body-md\">\n      Nos complace dar la bienvenida al Dr. Antonio Campos Mendoza a nuestro equipo como asesor t\u00e9cnico s\u00e9nior de Digextra Aqua, nuestra soluci\u00f3n insignia para mejorar la salud intestinal, el crecimiento y la sostenibilidad en la acuicultura.    <\/p>\n  <\/a>\n<\/article>        <\/div>\n          <\/div>\n  \n<\/section>\n\n\n<section class=\"text container wysiwyg\" >\n  \n<\/section>","protected":false},"excerpt":{"rendered":"","protected":false},"author":1,"featured_media":512,"parent":0,"menu_order":0,"comment_status":"closed","ping_status":"open","template":"","meta":{"_acf_changed":false,"content-type":"","footnotes":""},"class_list":["post-2","page","type-page","status-publish","has-post-thumbnail","hentry"],"acf":[],"yoast_head":"<!-- This site is optimized with the Yoast SEO plugin v26.6 - https:\/\/yoast.com\/wordpress\/plugins\/seo\/ -->\n<title>Phytaxis - Phytaxis<\/title>\n<meta name=\"description\" content=\"Welcome to Phytaxis \u2014 rethinking animal health rooted in science and sustainability. Explore solutions that support livestock wellbeing and real impact.\" \/>\n<meta name=\"robots\" content=\"index, follow, max-snippet:-1, max-image-preview:large, max-video-preview:-1\" \/>\n<link rel=\"canonical\" href=\"https:\/\/phytaxis.com\/es\/\" \/>\n<meta property=\"og:locale\" content=\"es_MX\" \/>\n<meta property=\"og:type\" content=\"article\" \/>\n<meta property=\"og:title\" content=\"Phytaxis - Phytaxis\" \/>\n<meta property=\"og:description\" content=\"Welcome to Phytaxis \u2014 rethinking animal health rooted in science and sustainability. Explore solutions that support livestock wellbeing and real impact.\" \/>\n<meta property=\"og:url\" content=\"https:\/\/phytaxis.com\/es\/\" \/>\n<meta property=\"og:site_name\" content=\"Phytaxis\" \/>\n<meta property=\"article:modified_time\" content=\"2026-03-04T13:55:08+00:00\" \/>\n<meta property=\"og:image\" content=\"https:\/\/phytaxis.com\/wp-content\/uploads\/sites\/3\/2025\/12\/Phytaxis-meta-rethinking.jpg\" \/>\n\t<meta property=\"og:image:width\" content=\"1024\" \/>\n\t<meta property=\"og:image:height\" content=\"768\" \/>\n\t<meta property=\"og:image:type\" content=\"image\/jpeg\" \/>\n<meta name=\"twitter:card\" content=\"summary_large_image\" \/>\n<meta name=\"twitter:label1\" content=\"Tiempo de lectura\" \/>\n\t<meta name=\"twitter:data1\" content=\"2 minutos\" \/>\n<script type=\"application\/ld+json\" class=\"yoast-schema-graph\">{\"@context\":\"https:\/\/schema.org\",\"@graph\":[{\"@type\":\"WebPage\",\"@id\":\"https:\/\/phytaxis.com\/\",\"url\":\"https:\/\/phytaxis.com\/\",\"name\":\"Phytaxis - Phytaxis\",\"isPartOf\":{\"@id\":\"https:\/\/phytaxis.com\/#website\"},\"primaryImageOfPage\":{\"@id\":\"https:\/\/phytaxis.com\/#primaryimage\"},\"image\":{\"@id\":\"https:\/\/phytaxis.com\/#primaryimage\"},\"thumbnailUrl\":\"https:\/\/phytaxis.com\/wp-content\/uploads\/sites\/3\/2025\/12\/Phytaxis-meta-rethinking.jpg\",\"datePublished\":\"2025-11-18T09:50:29+00:00\",\"dateModified\":\"2026-03-04T13:55:08+00:00\",\"description\":\"Welcome to Phytaxis \u2014 rethinking animal health rooted in science and sustainability. Explore solutions that support livestock wellbeing and real impact.\",\"breadcrumb\":{\"@id\":\"https:\/\/phytaxis.com\/#breadcrumb\"},\"inLanguage\":\"es\",\"potentialAction\":[{\"@type\":\"ReadAction\",\"target\":[\"https:\/\/phytaxis.com\/\"]}]},{\"@type\":\"ImageObject\",\"inLanguage\":\"es\",\"@id\":\"https:\/\/phytaxis.com\/#primaryimage\",\"url\":\"https:\/\/phytaxis.com\/wp-content\/uploads\/sites\/3\/2025\/12\/Phytaxis-meta-rethinking.jpg\",\"contentUrl\":\"https:\/\/phytaxis.com\/wp-content\/uploads\/sites\/3\/2025\/12\/Phytaxis-meta-rethinking.jpg\",\"width\":1024,\"height\":768},{\"@type\":\"BreadcrumbList\",\"@id\":\"https:\/\/phytaxis.com\/#breadcrumb\",\"itemListElement\":[{\"@type\":\"ListItem\",\"position\":1,\"name\":\"Home\",\"item\":\"https:\/\/phytaxis.com\/\"},{\"@type\":\"ListItem\",\"position\":2,\"name\":\"Phytaxis\"}]},{\"@type\":\"WebSite\",\"@id\":\"https:\/\/phytaxis.com\/#website\",\"url\":\"https:\/\/phytaxis.com\/\",\"name\":\"Phytaxis\",\"description\":\"Rethinking animal health\",\"potentialAction\":[{\"@type\":\"SearchAction\",\"target\":{\"@type\":\"EntryPoint\",\"urlTemplate\":\"https:\/\/phytaxis.com\/?s={search_term_string}\"},\"query-input\":{\"@type\":\"PropertyValueSpecification\",\"valueRequired\":true,\"valueName\":\"search_term_string\"}}],\"inLanguage\":\"es\"}]}<\/script>\n<!-- \/ Yoast SEO plugin. -->","yoast_head_json":{"title":"Phytaxis - Phytaxis","description":"Bienvenido a Phytaxis: replanteamiento de la salud animal basado en la ciencia y la sostenibilidad. Explore soluciones que favorecen el bienestar del ganado y tienen un impacto real.","robots":{"index":"index","follow":"follow","max-snippet":"max-snippet:-1","max-image-preview":"max-image-preview:large","max-video-preview":"max-video-preview:-1"},"canonical":"https:\/\/phytaxis.com\/es\/","og_locale":"es_MX","og_type":"article","og_title":"Phytaxis - Phytaxis","og_description":"Welcome to Phytaxis \u2014 rethinking animal health rooted in science and sustainability. Explore solutions that support livestock wellbeing and real impact.","og_url":"https:\/\/phytaxis.com\/es\/","og_site_name":"Phytaxis","article_modified_time":"2026-03-04T13:55:08+00:00","og_image":[{"width":1024,"height":768,"url":"https:\/\/phytaxis.com\/wp-content\/uploads\/sites\/3\/2025\/12\/Phytaxis-meta-rethinking.jpg","type":"image\/jpeg"}],"twitter_card":"summary_large_image","twitter_misc":{"Tiempo de lectura":"2 minutos"},"schema":{"@context":"https:\/\/schema.org","@graph":[{"@type":"WebPage","@id":"https:\/\/phytaxis.com\/","url":"https:\/\/phytaxis.com\/","name":"Phytaxis - Phytaxis","isPartOf":{"@id":"https:\/\/phytaxis.com\/#website"},"primaryImageOfPage":{"@id":"https:\/\/phytaxis.com\/#primaryimage"},"image":{"@id":"https:\/\/phytaxis.com\/#primaryimage"},"thumbnailUrl":"https:\/\/phytaxis.com\/wp-content\/uploads\/sites\/3\/2025\/12\/Phytaxis-meta-rethinking.jpg","datePublished":"2025-11-18T09:50:29+00:00","dateModified":"2026-03-04T13:55:08+00:00","description":"Bienvenido a Phytaxis: replanteamiento de la salud animal basado en la ciencia y la sostenibilidad. Explore soluciones que favorecen el bienestar del ganado y tienen un impacto real.","breadcrumb":{"@id":"https:\/\/phytaxis.com\/#breadcrumb"},"inLanguage":"es","potentialAction":[{"@type":"ReadAction","target":["https:\/\/phytaxis.com\/"]}]},{"@type":"ImageObject","inLanguage":"es","@id":"https:\/\/phytaxis.com\/#primaryimage","url":"https:\/\/phytaxis.com\/wp-content\/uploads\/sites\/3\/2025\/12\/Phytaxis-meta-rethinking.jpg","contentUrl":"https:\/\/phytaxis.com\/wp-content\/uploads\/sites\/3\/2025\/12\/Phytaxis-meta-rethinking.jpg","width":1024,"height":768},{"@type":"BreadcrumbList","@id":"https:\/\/phytaxis.com\/#breadcrumb","itemListElement":[{"@type":"ListItem","position":1,"name":"Home","item":"https:\/\/phytaxis.com\/"},{"@type":"ListItem","position":2,"name":"Phytaxis"}]},{"@type":"WebSite","@id":"https:\/\/phytaxis.com\/#website","url":"https:\/\/phytaxis.com\/","name":"Fitaxis","description":"Repensar la salud animal","potentialAction":[{"@type":"SearchAction","target":{"@type":"EntryPoint","urlTemplate":"https:\/\/phytaxis.com\/?s={search_term_string}"},"query-input":{"@type":"PropertyValueSpecification","valueRequired":true,"valueName":"search_term_string"}}],"inLanguage":"es"}]}},"_links":{"self":[{"href":"https:\/\/phytaxis.com\/es\/wp-json\/wp\/v2\/pages\/2","targetHints":{"allow":["GET"]}}],"collection":[{"href":"https:\/\/phytaxis.com\/es\/wp-json\/wp\/v2\/pages"}],"about":[{"href":"https:\/\/phytaxis.com\/es\/wp-json\/wp\/v2\/types\/page"}],"author":[{"embeddable":true,"href":"https:\/\/phytaxis.com\/es\/wp-json\/wp\/v2\/users\/1"}],"replies":[{"embeddable":true,"href":"https:\/\/phytaxis.com\/es\/wp-json\/wp\/v2\/comments?post=2"}],"version-history":[{"count":59,"href":"https:\/\/phytaxis.com\/es\/wp-json\/wp\/v2\/pages\/2\/revisions"}],"predecessor-version":[{"id":742,"href":"https:\/\/phytaxis.com\/es\/wp-json\/wp\/v2\/pages\/2\/revisions\/742"}],"wp:featuredmedia":[{"embeddable":true,"href":"https:\/\/phytaxis.com\/es\/wp-json\/wp\/v2\/media\/512"}],"wp:attachment":[{"href":"https:\/\/phytaxis.com\/es\/wp-json\/wp\/v2\/media?parent=2"}],"curies":[{"name":"wp","href":"https:\/\/api.w.org\/{rel}","templated":true}]}}