{"id":2,"date":"2025-11-18T09:50:29","date_gmt":"2025-11-18T09:50:29","guid":{"rendered":"http:\/\/phytaxis.tanovis.linawang.se\/?page_id=2"},"modified":"2026-03-04T13:55:08","modified_gmt":"2026-03-04T13:55:08","slug":"beispielseite","status":"publish","type":"page","link":"https:\/\/phytaxis.com\/de\/","title":{"rendered":"Phytaxis"},"content":{"rendered":"<section class=\"tanovis_hero  bg-dark\" >\n  <div class=\"hero__media\">\n          <video class=\"hero__video\" src=\"https:\/\/phytaxis.com\/wp-content\/uploads\/sites\/3\/2025\/12\/HERO-loop-cow.mp4\" autoplay muted loop playsinline><\/video>\n              <img decoding=\"async\" class=\"hero__bg\" src=\"https:\/\/phytaxis.com\/wp-content\/uploads\/sites\/3\/2025\/12\/Phytaxis-color-16-9.jpg\" alt=\"\" \/>\n    \n    <div class=\"hero__symbol-container\">\n          <\/div>\n  <\/div>\n\n  <div class=\"hero__content container\">\n          <h3 class=\"hero__eyebrow body-sm\">Lernen Sie eine neue Generation von Hochleistungs-Futtermittelzusatzstoffen kennen <\/h3>\n    \n          <h1 class=\"hero__title title-lg\">Gute Nachrichten f\u00fcr Ihre Tiere, Ihren Planeten und Ihren Gewinn.<\/h1>\n    \n          <ul class=\"hero__posts\">\n                  <li class=\"hero__post\">\n            <span class=\"bg-decorator\"><\/span>\n            <a href=\"https:\/\/phytaxis.com\/de\/2026\/02\/27\/blue-food-innovation\/\" class=\"hero__post-link\">\n              <p class=\"hero__eyebrow eyebrow\">\n                                  <span class=\"hero__post-date\">27. Februar 2026<\/span>\n                              <\/p>\n              <p class=\"hero__post-title body-md\">Treffen Sie uns bei Blue Food Innovation<\/p>\n            <\/a>\n          <\/li>\n                  <li class=\"hero__post\">\n            <span class=\"bg-decorator\"><\/span>\n            <a href=\"https:\/\/phytaxis.com\/de\/2025\/02\/02\/eine-breitere-perspektive-auf-die-fischzucht-bringen\/\" class=\"hero__post-link\">\n              <p class=\"hero__eyebrow eyebrow\">\n                                  <span class=\"hero__post-date\">2. Februar 2025<\/span>\n                              <\/p>\n              <p class=\"hero__post-title body-md\">Eine breitere Perspektive auf die Fischzucht einbringen<\/p>\n            <\/a>\n          <\/li>\n              <\/ul>\n    \n  <\/div>\n<\/section>\n\n\n<section class=\"quote   bg-accent\" >\n  \n  <div class=\"container\">\n        <h3 class=\"quote__text animate-lines preamble\">\n      Wir erschlie\u00dfen die bioaktive Kraft von Lignin f\u00fcr die Tiergesundheit. Und wir fordern die Industrie heraus, die Art und Weise, wie Produkte hergestellt werden, wie sie funktionieren und welchen Wert sie haben, neu zu \u00fcberdenken.    <\/h3>\n          <\/div>\n\n<\/section>\n\n\n<section class=\"gallery  bg-light\" >\n  <div class=\"gallery__images layout-three\">\n          <div class=\"grid-item\">\n        <div class=\"image-1 cutout cutout-image aspect-ratio-16-9 cutout-top-right\" data-speed=\"1.1\">\n          <img decoding=\"async\" src=\"https:\/\/phytaxis.com\/wp-content\/uploads\/sites\/3\/2025\/12\/cow-4-3.jpg\" alt=\"\" data-speed=\"1.1\">\n        <\/div>\n        <h3 class=\"gallery__text title-md\" data-speed=\"1.1\">\n          Stress in der Produktion. Erh\u00f6hte Sterblichkeit. Negative Auswirkungen auf die Umwelt. Die weltweit steigende Nachfrage nach Fleisch bringt Konsequenzen mit sich, die f\u00fcr jedes Gewissen schwer zu verdauen sind.\u00a0        <\/h3>\n        <div class=\"image-2 cutout cutout-image aspect-ratio-16-9 cutout-top-right\" data-speed=\"1.3\">\n          <img decoding=\"async\" src=\"https:\/\/phytaxis.com\/wp-content\/uploads\/sites\/3\/2025\/12\/pig2-1-1.jpg\" alt=\"\" data-speed=\"0.9\">\n        <\/div>\n      <\/div>\n\n      <div class=\"grid-item\" data-speed=\"0.9\">\n        <div class=\"image-3 cutout cutout-image aspect-ratio-16-9 cutout-top-right\">\n          <img decoding=\"async\" src=\"https:\/\/phytaxis.com\/wp-content\/uploads\/sites\/3\/2025\/12\/horse-1-1.jpg\" alt=\"\" data-speed=\"0.9\">\n        <\/div>\n        <div class=\"image-4 cutout cutout-image aspect-ratio-3-4 cutout-top-right\">\n          <img decoding=\"async\" src=\"https:\/\/phytaxis.com\/wp-content\/uploads\/sites\/3\/2025\/12\/hen-1-1.jpg\" alt=\"\" data-speed=\"1.1\">\n        <\/div>\n      <\/div>\n\n\n      <\/div>\n\n  <\/section>\n\n\n<section class=\"text container wysiwyg\" >\n  \n<\/section>\n\n\n<section class=\"text-columns container  bg-light\" >\n  <div class=\"text-columns__inner\">\n    <div class=\"text-columns__col-title\">\n      <h2 class=\"title-md\">Tiergesundheit neu denken<\/h2>\n    <\/div>\n    <div><\/div>\n    <div class=\"text-columns__col-1 fade-up-delay-200\">\n      <p class=\"p1\">Wenn der globale Lebensstandard steigt und die zunehmende Fleischproduktion zu Lasten belasteter Systeme und der Umwelt geht, m\u00fcssen wir weiter gehen und dar\u00fcber hinaus L\u00f6sungen finden, die sowohl effizient als auch nachhaltig sind. Wir recyceln Lignin zu 100%, einem nat\u00fcrlichen, hochleistungsf\u00e4higen Futtermittelzusatzstoff f\u00fcr Fisch, Milchvieh, Rinder, Schweine und Gefl\u00fcgel.<\/p>\n    <\/div>\n    <div class=\"text-columns__col-2 fade-up-delay-600\">\n      <p>Und unsere Produkte verbessern nicht nur die Darmgesundheit der einzelnen Tiere. Sie steigern das Wohlbefinden aller Tierarten, verringern den Bedarf an Antibiotika, senken die Sterblichkeitsrate, st\u00e4rken die lokale Umwelt und beschleunigen den \u00dcbergang zu einer nachhaltigeren Landwirtschaft.<\/p>\n    <\/div>\n      <\/div>\n<\/section>\n\n\n<section class=\"text container wysiwyg\" >\n  \n<\/section>\n\n<section class=\"horizontal-posts\" >\n\n  <div class=\"horizontal-posts__background\">\n                        <img decoding=\"async\" class=\"horizontal-posts__background-image\" src=\"https:\/\/phytaxis.com\/wp-content\/uploads\/sites\/3\/2025\/12\/horse-9-16.jpg\" alt=\"\" \/>\n            <\/div>\n\n  <div class=\"container\">\n    <h2 class=\"horizontal-posts__title title-md\">Neueste Nachrichten<\/h2>\n  <\/div>\n\n      <div class=\"horizontal-posts__inner\" style=\"width: 500vw;\">\n              <div class=\"horizontal-posts__item-wrapper\">\n          \n<article class=\"post-card cutout aspect-ratio-9-16 cutout-bottom-right\">\n  <a class=\"post-card__content\" href=\"https:\/\/phytaxis.com\/de\/2026\/02\/27\/blue-food-innovation\/\">\n    <h3 class=\"post-card__title\">Treffen Sie uns bei Blue Food Innovation<\/h3>\n\n    <p class=\"post-card__excerpt body-md\">\n      Nachdem wir zwei Jahre lang als Delegierte an dieser fantastischen Veranstaltung teilgenommen haben, freuen wir uns, dieses Jahr als Goldpartner dabei zu sein. Wir freuen uns darauf, mit einer unglaublichen Mischung von Unternehmen und Start-ups in London in Kontakt zu treten.    <\/p>\n  <\/a>\n<\/article>        <\/div>\n              <div class=\"horizontal-posts__item-wrapper\">\n          \n<article class=\"post-card cutout aspect-ratio-9-16 cutout-bottom-right\">\n  <a class=\"post-card__content\" href=\"https:\/\/phytaxis.com\/de\/2025\/01\/09\/die-ernahrungs-und-landwirtschaftsorganisation-der-vereinten-nationen-prognostiziert-einen-weiteren-anstieg-des-fleischkonsums\/\">\n    <h3 class=\"post-card__title\">Die Ern\u00e4hrungs- und Landwirtschaftsorganisation der Vereinten Nationen geht von einem weiteren Anstieg des Fleischkonsums aus.<\/h3>\n\n    <p class=\"post-card__excerpt body-md\">\n      Da in den Medien immer h\u00e4ufiger \u00fcber diese Trends berichtet wird, k\u00f6nnte man den Eindruck gewinnen, dass die Nachfrage nach Eiwei\u00df aus Nutztieren zur\u00fcckgeht. Doch die Prognosen der Ern\u00e4hrungs- und Landwirtschaftsorganisation der Vereinten Nationen sprechen eine andere Sprache.    <\/p>\n  <\/a>\n<\/article>        <\/div>\n              <div class=\"horizontal-posts__item-wrapper\">\n          \n<article class=\"post-card cutout aspect-ratio-9-16 cutout-bottom-right\">\n  <a class=\"post-card__content\" href=\"https:\/\/phytaxis.com\/de\/2025\/04\/25\/colima-aquakultur\/\">\n    <h3 class=\"post-card__title\">Kolima - Aquakultur<\/h3>\n\n    <p class=\"post-card__excerpt body-md\">\n      Wir schlie\u00dfen den Produktionszyklus hier in Colima mit unseren Partnern von Todo Acu\u00edcola ab und sind stolz darauf, ein solides Ergebnis pr\u00e4sentieren zu k\u00f6nnen    <\/p>\n  <\/a>\n<\/article>        <\/div>\n              <div class=\"horizontal-posts__item-wrapper\">\n          \n<article class=\"post-card cutout aspect-ratio-9-16 cutout-bottom-right\">\n  <a class=\"post-card__content\" href=\"https:\/\/phytaxis.com\/de\/2025\/02\/02\/eine-breitere-perspektive-auf-die-fischzucht-bringen\/\">\n    <h3 class=\"post-card__title\">Eine breitere Perspektive auf die Fischzucht einbringen<\/h3>\n\n    <p class=\"post-card__excerpt body-md\">\n      In diesem Interview in International Aqua Feed erkl\u00e4rt unser CEO Charles Walser, wie Phytaxis Innovationen in der Tiergesundheits- und Leistungsindustrie vorantreibt und wie wir den \u00dcbergang zu einer nachhaltigeren Fischzucht beschleunigen.    <\/p>\n  <\/a>\n<\/article>        <\/div>\n              <div class=\"horizontal-posts__item-wrapper\">\n          \n<article class=\"post-card cutout aspect-ratio-9-16 cutout-bottom-right\">\n  <a class=\"post-card__content\" href=\"https:\/\/phytaxis.com\/de\/2025\/04\/24\/willkommen-dr-antonio-campos-mendoza\/\">\n    <h3 class=\"post-card__title\">Dr. Antonio Campos Mendoza<\/h3>\n\n    <p class=\"post-card__excerpt body-md\">\n      Wir freuen uns sehr, Dr. Antonio Campos Mendoza als Senior Technical Advisor f\u00fcr Digextra Aqua, unser Flaggschiff zur Verbesserung der Darmgesundheit, des Wachstums und der Nachhaltigkeit in der Aquakultur, in unserem Team begr\u00fc\u00dfen zu d\u00fcrfen.    <\/p>\n  <\/a>\n<\/article>        <\/div>\n          <\/div>\n  \n<\/section>\n\n\n<section class=\"text container wysiwyg\" >\n  \n<\/section>","protected":false},"excerpt":{"rendered":"","protected":false},"author":1,"featured_media":512,"parent":0,"menu_order":0,"comment_status":"closed","ping_status":"open","template":"","meta":{"_acf_changed":false,"content-type":"","footnotes":""},"class_list":["post-2","page","type-page","status-publish","has-post-thumbnail","hentry"],"acf":[],"yoast_head":"<!-- This site is optimized with the Yoast SEO plugin v26.6 - https:\/\/yoast.com\/wordpress\/plugins\/seo\/ -->\n<title>Phytaxis - Phytaxis<\/title>\n<meta name=\"description\" content=\"Welcome to Phytaxis \u2014 rethinking animal health rooted in science and sustainability. Explore solutions that support livestock wellbeing and real impact.\" \/>\n<meta name=\"robots\" content=\"index, follow, max-snippet:-1, max-image-preview:large, max-video-preview:-1\" \/>\n<link rel=\"canonical\" href=\"https:\/\/phytaxis.com\/de\/\" \/>\n<meta property=\"og:locale\" content=\"de_DE\" \/>\n<meta property=\"og:type\" content=\"article\" \/>\n<meta property=\"og:title\" content=\"Phytaxis - Phytaxis\" \/>\n<meta property=\"og:description\" content=\"Welcome to Phytaxis \u2014 rethinking animal health rooted in science and sustainability. Explore solutions that support livestock wellbeing and real impact.\" \/>\n<meta property=\"og:url\" content=\"https:\/\/phytaxis.com\/de\/\" \/>\n<meta property=\"og:site_name\" content=\"Phytaxis\" \/>\n<meta property=\"article:modified_time\" content=\"2026-03-04T13:55:08+00:00\" \/>\n<meta property=\"og:image\" content=\"https:\/\/phytaxis.com\/wp-content\/uploads\/sites\/3\/2025\/12\/Phytaxis-meta-rethinking.jpg\" \/>\n\t<meta property=\"og:image:width\" content=\"1024\" \/>\n\t<meta property=\"og:image:height\" content=\"768\" \/>\n\t<meta property=\"og:image:type\" content=\"image\/jpeg\" \/>\n<meta name=\"twitter:card\" content=\"summary_large_image\" \/>\n<meta name=\"twitter:label1\" content=\"Gesch\u00e4tzte Lesezeit\" \/>\n\t<meta name=\"twitter:data1\" content=\"2\u00a0Minuten\" \/>\n<script type=\"application\/ld+json\" class=\"yoast-schema-graph\">{\"@context\":\"https:\/\/schema.org\",\"@graph\":[{\"@type\":\"WebPage\",\"@id\":\"https:\/\/phytaxis.com\/\",\"url\":\"https:\/\/phytaxis.com\/\",\"name\":\"Phytaxis - Phytaxis\",\"isPartOf\":{\"@id\":\"https:\/\/phytaxis.com\/#website\"},\"primaryImageOfPage\":{\"@id\":\"https:\/\/phytaxis.com\/#primaryimage\"},\"image\":{\"@id\":\"https:\/\/phytaxis.com\/#primaryimage\"},\"thumbnailUrl\":\"https:\/\/phytaxis.com\/wp-content\/uploads\/sites\/3\/2025\/12\/Phytaxis-meta-rethinking.jpg\",\"datePublished\":\"2025-11-18T09:50:29+00:00\",\"dateModified\":\"2026-03-04T13:55:08+00:00\",\"description\":\"Welcome to Phytaxis \u2014 rethinking animal health rooted in science and sustainability. Explore solutions that support livestock wellbeing and real impact.\",\"breadcrumb\":{\"@id\":\"https:\/\/phytaxis.com\/#breadcrumb\"},\"inLanguage\":\"de\",\"potentialAction\":[{\"@type\":\"ReadAction\",\"target\":[\"https:\/\/phytaxis.com\/\"]}]},{\"@type\":\"ImageObject\",\"inLanguage\":\"de\",\"@id\":\"https:\/\/phytaxis.com\/#primaryimage\",\"url\":\"https:\/\/phytaxis.com\/wp-content\/uploads\/sites\/3\/2025\/12\/Phytaxis-meta-rethinking.jpg\",\"contentUrl\":\"https:\/\/phytaxis.com\/wp-content\/uploads\/sites\/3\/2025\/12\/Phytaxis-meta-rethinking.jpg\",\"width\":1024,\"height\":768},{\"@type\":\"BreadcrumbList\",\"@id\":\"https:\/\/phytaxis.com\/#breadcrumb\",\"itemListElement\":[{\"@type\":\"ListItem\",\"position\":1,\"name\":\"Home\",\"item\":\"https:\/\/phytaxis.com\/\"},{\"@type\":\"ListItem\",\"position\":2,\"name\":\"Phytaxis\"}]},{\"@type\":\"WebSite\",\"@id\":\"https:\/\/phytaxis.com\/#website\",\"url\":\"https:\/\/phytaxis.com\/\",\"name\":\"Phytaxis\",\"description\":\"Rethinking animal health\",\"potentialAction\":[{\"@type\":\"SearchAction\",\"target\":{\"@type\":\"EntryPoint\",\"urlTemplate\":\"https:\/\/phytaxis.com\/?s={search_term_string}\"},\"query-input\":{\"@type\":\"PropertyValueSpecification\",\"valueRequired\":true,\"valueName\":\"search_term_string\"}}],\"inLanguage\":\"de\"}]}<\/script>\n<!-- \/ Yoast SEO plugin. -->","yoast_head_json":{"title":"Phytaxis - Phytaxis","description":"Willkommen bei Phytaxis - \u00dcberdenken Sie die Tiergesundheit auf der Grundlage von Wissenschaft und Nachhaltigkeit. Entdecken Sie L\u00f6sungen, die das Wohlergehen der Tiere unterst\u00fctzen und echte Wirkung zeigen.","robots":{"index":"index","follow":"follow","max-snippet":"max-snippet:-1","max-image-preview":"max-image-preview:large","max-video-preview":"max-video-preview:-1"},"canonical":"https:\/\/phytaxis.com\/de\/","og_locale":"de_DE","og_type":"article","og_title":"Phytaxis - Phytaxis","og_description":"Welcome to Phytaxis \u2014 rethinking animal health rooted in science and sustainability. Explore solutions that support livestock wellbeing and real impact.","og_url":"https:\/\/phytaxis.com\/de\/","og_site_name":"Phytaxis","article_modified_time":"2026-03-04T13:55:08+00:00","og_image":[{"width":1024,"height":768,"url":"https:\/\/phytaxis.com\/wp-content\/uploads\/sites\/3\/2025\/12\/Phytaxis-meta-rethinking.jpg","type":"image\/jpeg"}],"twitter_card":"summary_large_image","twitter_misc":{"Gesch\u00e4tzte Lesezeit":"2\u00a0Minuten"},"schema":{"@context":"https:\/\/schema.org","@graph":[{"@type":"WebPage","@id":"https:\/\/phytaxis.com\/","url":"https:\/\/phytaxis.com\/","name":"Phytaxis - Phytaxis","isPartOf":{"@id":"https:\/\/phytaxis.com\/#website"},"primaryImageOfPage":{"@id":"https:\/\/phytaxis.com\/#primaryimage"},"image":{"@id":"https:\/\/phytaxis.com\/#primaryimage"},"thumbnailUrl":"https:\/\/phytaxis.com\/wp-content\/uploads\/sites\/3\/2025\/12\/Phytaxis-meta-rethinking.jpg","datePublished":"2025-11-18T09:50:29+00:00","dateModified":"2026-03-04T13:55:08+00:00","description":"Willkommen bei Phytaxis - \u00dcberdenken Sie die Tiergesundheit auf der Grundlage von Wissenschaft und Nachhaltigkeit. Entdecken Sie L\u00f6sungen, die das Wohlergehen der Tiere unterst\u00fctzen und echte Wirkung zeigen.","breadcrumb":{"@id":"https:\/\/phytaxis.com\/#breadcrumb"},"inLanguage":"de","potentialAction":[{"@type":"ReadAction","target":["https:\/\/phytaxis.com\/"]}]},{"@type":"ImageObject","inLanguage":"de","@id":"https:\/\/phytaxis.com\/#primaryimage","url":"https:\/\/phytaxis.com\/wp-content\/uploads\/sites\/3\/2025\/12\/Phytaxis-meta-rethinking.jpg","contentUrl":"https:\/\/phytaxis.com\/wp-content\/uploads\/sites\/3\/2025\/12\/Phytaxis-meta-rethinking.jpg","width":1024,"height":768},{"@type":"BreadcrumbList","@id":"https:\/\/phytaxis.com\/#breadcrumb","itemListElement":[{"@type":"ListItem","position":1,"name":"Home","item":"https:\/\/phytaxis.com\/"},{"@type":"ListItem","position":2,"name":"Phytaxis"}]},{"@type":"WebSite","@id":"https:\/\/phytaxis.com\/#website","url":"https:\/\/phytaxis.com\/","name":"Phytaxis","description":"Tiergesundheit neu denken","potentialAction":[{"@type":"SearchAction","target":{"@type":"EntryPoint","urlTemplate":"https:\/\/phytaxis.com\/?s={search_term_string}"},"query-input":{"@type":"PropertyValueSpecification","valueRequired":true,"valueName":"search_term_string"}}],"inLanguage":"de"}]}},"_links":{"self":[{"href":"https:\/\/phytaxis.com\/de\/wp-json\/wp\/v2\/pages\/2","targetHints":{"allow":["GET"]}}],"collection":[{"href":"https:\/\/phytaxis.com\/de\/wp-json\/wp\/v2\/pages"}],"about":[{"href":"https:\/\/phytaxis.com\/de\/wp-json\/wp\/v2\/types\/page"}],"author":[{"embeddable":true,"href":"https:\/\/phytaxis.com\/de\/wp-json\/wp\/v2\/users\/1"}],"replies":[{"embeddable":true,"href":"https:\/\/phytaxis.com\/de\/wp-json\/wp\/v2\/comments?post=2"}],"version-history":[{"count":59,"href":"https:\/\/phytaxis.com\/de\/wp-json\/wp\/v2\/pages\/2\/revisions"}],"predecessor-version":[{"id":742,"href":"https:\/\/phytaxis.com\/de\/wp-json\/wp\/v2\/pages\/2\/revisions\/742"}],"wp:featuredmedia":[{"embeddable":true,"href":"https:\/\/phytaxis.com\/de\/wp-json\/wp\/v2\/media\/512"}],"wp:attachment":[{"href":"https:\/\/phytaxis.com\/de\/wp-json\/wp\/v2\/media?parent=2"}],"curies":[{"name":"wp","href":"https:\/\/api.w.org\/{rel}","templated":true}]}}